{"id":2530,"date":"2021-05-10T12:15:37","date_gmt":"2021-05-10T10:15:37","guid":{"rendered":"https:\/\/steuerberaterin-walter.de\/?page_id=2530"},"modified":"2024-11-18T09:32:57","modified_gmt":"2024-11-18T08:32:57","slug":"startseite","status":"publish","type":"page","link":"https:\/\/www.steuerberaterin-walter.de\/es\/","title":{"rendered":"Startseite"},"content":{"rendered":"<div class=\"wpb-content-wrapper\"><p>[vc_row full_width=\u00bbstretch_row_content_no_spaces\u00bb el_class=\u00bbintegation\u00bb el_id=\u00bbintegation\u00bb][vc_column el_class=\u00bbintegation\u00bb][vc_single_image image=\u00bb2583&#8243; img_size=\u00bbfull\u00bb alignment=\u00bbcenter\u00bb][\/vc_column][\/vc_row][vc_row full_width=\u00bbstretch_row\u00bb content_placement=\u00bbmiddle\u00bb inverse=\u00bb\u00bb css=\u00bb.vc_custom_1539942447890{margin-top: 50px !important;margin-bottom: 50px !important;}\u00bb el_class=\u00bbp20&#8243;][vc_column][vc_column_text]<\/p>\n<h1 style=\"text-align: center;\">Asesor fiscal espa\u00f1ol y argentino Alemania M\u00fanich<\/h1>\n<p style=\"text-align: center;\"><span style=\"font-size: 20px!important;\">Nosotros, como su asesor\u00eda fiscal, tenemos como objetivo comprender sus necesidades y el contexto de su empresa. Nos especializamos en acompa\u00f1ar a medianas y peque\u00f1as empresas de habla hispana y alemana, con una comprensi\u00f3n profunda de las barreras culturales y ling\u00fc\u00edsticas, especialmente para empresas de Espa\u00f1a y Am\u00e9rica Latina que buscan integrarse en el mercado alem\u00e1n.<br \/>\n<\/span><\/p>\n<p style=\"text-align: center;\"><span style=\"font-size: 20px!important;\">Nuestro equipo cuenta con una s\u00f3lida experiencia en temas fiscales espec\u00edficos de Alemania, brindando respaldo desde la fundaci\u00f3n y apertura de su empresa hasta la gesti\u00f3n de sus obligaciones impositivas a lo largo del tiempo. Adem\u00e1s, somos una de las pocas asesor\u00edas en Alemania con asesores biling\u00fces acreditados por la C\u00e1mara de Asesores Financieros Alemanes, complementados por un equipo de apoyo especializado en derecho y seguros, todos de habla hispana y con licencia para ejercer en el pa\u00eds.<br \/>\n<\/span><\/p>\n<p style=\"text-align: center;\"><span style=\"font-size: 20px!important;\">En especial contamos con mucha experiencia en empresas constructoras espa\u00f1olas establecidas en Alemania.<br \/>\n<\/span><\/p>\n<p>[\/vc_column_text][vc_empty_space][vc_row_inner][vc_column_inner][vc_column_text]Nuestras \u00e1reas de servicio incluyen:<\/p>\n<ul>\n<li>Asesor\u00eda en la constituci\u00f3n y registro de empresas<\/li>\n<li>Desarrollo de herramientas para la toma de decisiones estrat\u00e9gicas<\/li>\n<li>Contabilidad de facturas y bancos, con presentaci\u00f3n de IVA mensual o trimestral<\/li>\n<li>C\u00e1lculo y gesti\u00f3n de n\u00f3minas, cargas sociales, incluyendo Soka-Bau para el sector de la construcci\u00f3n y presentaci\u00f3n del A1<\/li>\n<li>Preparaci\u00f3n de estados contables anuales y presentaci\u00f3n de los impuestos correspondientes<\/li>\n<\/ul>\n<p>[\/vc_column_text][vc_empty_space][\/vc_column_inner][vc_column_inner][vc_column_text]Tambi\u00e9n ofrecemos apoyo impositivo a aut\u00f3nomos y particulares de habla hispana, entre ellos:<\/p>\n<ul>\n<li>Asesoramiento y planificaci\u00f3n tributaria personalizada.<\/li>\n<li>Preparaci\u00f3n y presentaci\u00f3n de declaraciones juradas.<\/li>\n<li>Elaboraci\u00f3n del cuadro de ganancias y p\u00e9rdidas.<\/li>\n<li>C\u00e1lculo de impuestos a pagar sobre alquileres inmobiliarios, incluso en casos con ingresos sobre inmuebles en Espa\u00f1a o en Am\u00e9rica Latina<\/li>\n<\/ul>\n<p>[\/vc_column_text][vc_empty_space][\/vc_column_inner][vc_column_inner][vc_column_text]Nos destacamos por brindar una atenci\u00f3n cercana y personalizada, as\u00ed como por mantener una comunicaci\u00f3n constante y proactiva con nuestros clientes. No dude en contactarnos para recibir el apoyo que necesita para su \u00e9xito en Alemania.[\/vc_column_text][vc_empty_space][vc_column_text]Nos puede encontrar en el\u00a0 <a href=\"tel:004989716718772\">089 7167187-72 <\/a>o via mail\u00a0 <a href=\"tel:004915254168594\">0049 1525 4168594<\/a><\/p>\n<p>Hablamos espa\u00f1ol, aleman e ingles.[\/vc_column_text][vc_empty_space][vc_column_text]<\/p>\n<hr \/>\n<p><a href=\"https:\/\/www.steuerberaterin-walter.de\/wp-content\/uploads\/2024\/11\/01_E-Rechnung-Mandanteninformation_SP_DE.pdf\" target=\"_blank\" rel=\"noopener\">Download<\/a> Informaci\u00f3n al cliente sobre el cambio a las facturas electr\u00f3nicas (E-Rechnungen)[\/vc_column_text][\/vc_column_inner][\/vc_row_inner][\/vc_column][\/vc_row]<\/p>\n<\/div>","protected":false},"excerpt":{"rendered":"<p>[vc_row full_width=\u00bbstretch_row_content_no_spaces\u00bb el_class=\u00bbintegation\u00bb el_id=\u00bbintegation\u00bb][vc_column el_class=\u00bbintegation\u00bb][vc_single_image image=\u00bb2583&#8243; img_size=\u00bbfull\u00bb alignment=\u00bbcenter\u00bb][\/vc_column][\/vc_row][vc_row full_width=\u00bbstretch_row\u00bb content_placement=\u00bbmiddle\u00bb inverse=\u00bb\u00bb css=\u00bb.vc_custom_1539942447890{margin-top: 50px !important;margin-bottom: 50px !important;}\u00bb el_class=\u00bbp20&#8243;][vc_column][vc_column_text] Asesor fiscal espa\u00f1ol y argentino Alemania M\u00fanich Nosotros, como su asesor\u00eda fiscal, tenemos como objetivo comprender sus necesidades y el contexto de su empresa. Nos especializamos en acompa\u00f1ar a medianas y peque\u00f1as empresas de habla hispana y alemana, [&hellip;]<\/p>\n","protected":false},"author":10,"featured_media":0,"parent":0,"menu_order":0,"comment_status":"closed","ping_status":"closed","template":"","meta":{"footnotes":""},"class_list":["post-2530","page","type-page","status-publish","hentry"],"yoast_head":"<!-- This site is optimized with the Yoast SEO plugin v26.3 - https:\/\/yoast.com\/wordpress\/plugins\/seo\/ -->\n<title>Asesor fiscal espa\u00f1ol y argentino Alemania M\u00fanich<\/title>\n<meta name=\"description\" content=\"Asesor fiscal espa\u00f1ol y argentino Alemania M\u00fanich Nosotros, como su asesor\u00eda fiscal, tenemos como objetivo comprender sus necesidades y el contexto de su empresa. Nos especializamos en acompa\u00f1ar a medianas y peque\u00f1as empresas de habla hispana y alemana, con una comprensi\u00f3n profunda de las barreras culturales y ling\u00fc\u00edsticas, especialmente para empresas de Espa\u00f1a y Am\u00e9rica Latina que buscan integrarse en el mercado alem\u00e1n.  Nuestro equipo cuenta con una s\u00f3lida experiencia en temas fiscales espec\u00edficos de Alemania, brindando respaldo desde la fundaci\u00f3n y apertura de su empresa hasta la gesti\u00f3n de sus obligaciones impositivas a lo largo del tiempo. Adem\u00e1s, somos una de las pocas asesor\u00edas en Alemania con asesores biling\u00fces acreditados por la C\u00e1mara de Asesores Financieros Alemanes, complementados por un equipo de apoyo especializado en derecho y seguros, todos de habla hispana y con licencia para ejercer en el pa\u00eds.  En especial contamos con mucha experiencia en empresas constructoras espa\u00f1olas establecidas en Alemania.  Nuestras \u00e1reas de servicio incluyen:   Asesor\u00eda en la constituci\u00f3n y registro de empresas  Desarrollo de herramientas para la toma de decisiones estrat\u00e9gicas  Contabilidad de facturas y bancos, con presentaci\u00f3n de IVA mensual o trimestral  C\u00e1lculo y gesti\u00f3n de n\u00f3minas, cargas sociales, incluyendo Soka-Bau para el sector de la construcci\u00f3n y presentaci\u00f3n del A1  Preparaci\u00f3n de estados contables anuales y presentaci\u00f3n de los impuestos correspondientes  Tambi\u00e9n ofrecemos apoyo impositivo a aut\u00f3nomos y particulares de habla hispana, entre ellos:   Asesoramiento y planificaci\u00f3n tributaria personalizada.  Preparaci\u00f3n y presentaci\u00f3n de declaraciones juradas.  Elaboraci\u00f3n del cuadro de ganancias y p\u00e9rdidas.  C\u00e1lculo de impuestos a pagar sobre alquileres inmobiliarios, incluso en casos con ingresos sobre inmuebles en Espa\u00f1a o en Am\u00e9rica Latina  Nos destacamos por brindar una atenci\u00f3n cercana y personalizada, as\u00ed como por mantener una comunicaci\u00f3n constante y proactiva con nuestros clientes. No dude en contactarnos para recibir el apoyo que necesita para su \u00e9xito en Alemania.Nos puede encontrar en el\u00a0 089 7167187-72 o via mail\u00a0 0049 1525 4168594  Hablamos espa\u00f1ol, aleman e ingles.    Download Informaci\u00f3n al cliente sobre el cambio a las facturas electr\u00f3nicas (E-Rechnungen)\" \/>\n<meta name=\"robots\" content=\"index, follow, max-snippet:-1, max-image-preview:large, max-video-preview:-1\" \/>\n<link rel=\"canonical\" href=\"https:\/\/www.steuerberaterin-walter.de\/es\/startseite\/\" \/>\n<meta property=\"og:locale\" content=\"es_ES\" \/>\n<meta property=\"og:type\" content=\"article\" \/>\n<meta property=\"og:title\" content=\"Asesor fiscal espa\u00f1ol y argentino Alemania M\u00fanich\" \/>\n<meta property=\"og:description\" content=\"Asesor fiscal espa\u00f1ol y argentino Alemania M\u00fanich Nosotros, como su asesor\u00eda fiscal, tenemos como objetivo comprender sus necesidades y el contexto de su empresa. Nos especializamos en acompa\u00f1ar a medianas y peque\u00f1as empresas de habla hispana y alemana, con una comprensi\u00f3n profunda de las barreras culturales y ling\u00fc\u00edsticas, especialmente para empresas de Espa\u00f1a y Am\u00e9rica Latina que buscan integrarse en el mercado alem\u00e1n.  Nuestro equipo cuenta con una s\u00f3lida experiencia en temas fiscales espec\u00edficos de Alemania, brindando respaldo desde la fundaci\u00f3n y apertura de su empresa hasta la gesti\u00f3n de sus obligaciones impositivas a lo largo del tiempo. Adem\u00e1s, somos una de las pocas asesor\u00edas en Alemania con asesores biling\u00fces acreditados por la C\u00e1mara de Asesores Financieros Alemanes, complementados por un equipo de apoyo especializado en derecho y seguros, todos de habla hispana y con licencia para ejercer en el pa\u00eds.  En especial contamos con mucha experiencia en empresas constructoras espa\u00f1olas establecidas en Alemania.  Nuestras \u00e1reas de servicio incluyen:   Asesor\u00eda en la constituci\u00f3n y registro de empresas  Desarrollo de herramientas para la toma de decisiones estrat\u00e9gicas  Contabilidad de facturas y bancos, con presentaci\u00f3n de IVA mensual o trimestral  C\u00e1lculo y gesti\u00f3n de n\u00f3minas, cargas sociales, incluyendo Soka-Bau para el sector de la construcci\u00f3n y presentaci\u00f3n del A1  Preparaci\u00f3n de estados contables anuales y presentaci\u00f3n de los impuestos correspondientes  Tambi\u00e9n ofrecemos apoyo impositivo a aut\u00f3nomos y particulares de habla hispana, entre ellos:   Asesoramiento y planificaci\u00f3n tributaria personalizada.  Preparaci\u00f3n y presentaci\u00f3n de declaraciones juradas.  Elaboraci\u00f3n del cuadro de ganancias y p\u00e9rdidas.  C\u00e1lculo de impuestos a pagar sobre alquileres inmobiliarios, incluso en casos con ingresos sobre inmuebles en Espa\u00f1a o en Am\u00e9rica Latina  Nos destacamos por brindar una atenci\u00f3n cercana y personalizada, as\u00ed como por mantener una comunicaci\u00f3n constante y proactiva con nuestros clientes. No dude en contactarnos para recibir el apoyo que necesita para su \u00e9xito en Alemania.Nos puede encontrar en el\u00a0 089 7167187-72 o via mail\u00a0 0049 1525 4168594  Hablamos espa\u00f1ol, aleman e ingles.    Download Informaci\u00f3n al cliente sobre el cambio a las facturas electr\u00f3nicas (E-Rechnungen)\" \/>\n<meta property=\"og:url\" content=\"https:\/\/www.steuerberaterin-walter.de\/es\/startseite\/\" \/>\n<meta property=\"og:site_name\" content=\"Steuerberaterin Claudia Walter\" \/>\n<meta property=\"article:modified_time\" content=\"2024-11-18T08:32:57+00:00\" \/>\n<meta name=\"twitter:card\" content=\"summary_large_image\" \/>\n<meta name=\"twitter:label1\" content=\"Tiempo de lectura\" \/>\n\t<meta name=\"twitter:data1\" content=\"3 minutos\" \/>\n<script type=\"application\/ld+json\" class=\"yoast-schema-graph\">{\"@context\":\"https:\/\/schema.org\",\"@graph\":[{\"@type\":\"WebPage\",\"@id\":\"https:\/\/www.steuerberaterin-walter.de\/es\/startseite\/\",\"url\":\"https:\/\/www.steuerberaterin-walter.de\/es\/startseite\/\",\"name\":\"Asesor fiscal espa\u00f1ol y argentino Alemania M\u00fanich\",\"isPartOf\":{\"@id\":\"https:\/\/www.steuerberaterin-walter.de\/#website\"},\"datePublished\":\"2021-05-10T10:15:37+00:00\",\"dateModified\":\"2024-11-18T08:32:57+00:00\",\"description\":\"Asesor fiscal espa\u00f1ol y argentino Alemania M\u00fanich Nosotros, como su asesor\u00eda fiscal, tenemos como objetivo comprender sus necesidades y el contexto de su empresa. Nos especializamos en acompa\u00f1ar a medianas y peque\u00f1as empresas de habla hispana y alemana, con una comprensi\u00f3n profunda de las barreras culturales y ling\u00fc\u00edsticas, especialmente para empresas de Espa\u00f1a y Am\u00e9rica Latina que buscan integrarse en el mercado alem\u00e1n. Nuestro equipo cuenta con una s\u00f3lida experiencia en temas fiscales espec\u00edficos de Alemania, brindando respaldo desde la fundaci\u00f3n y apertura de su empresa hasta la gesti\u00f3n de sus obligaciones impositivas a lo largo del tiempo. Adem\u00e1s, somos una de las pocas asesor\u00edas en Alemania con asesores biling\u00fces acreditados por la C\u00e1mara de Asesores Financieros Alemanes, complementados por un equipo de apoyo especializado en derecho y seguros, todos de habla hispana y con licencia para ejercer en el pa\u00eds. En especial contamos con mucha experiencia en empresas constructoras espa\u00f1olas establecidas en Alemania. Nuestras \u00e1reas de servicio incluyen: Asesor\u00eda en la constituci\u00f3n y registro de empresas Desarrollo de herramientas para la toma de decisiones estrat\u00e9gicas Contabilidad de facturas y bancos, con presentaci\u00f3n de IVA mensual o trimestral C\u00e1lculo y gesti\u00f3n de n\u00f3minas, cargas sociales, incluyendo Soka-Bau para el sector de la construcci\u00f3n y presentaci\u00f3n del A1 Preparaci\u00f3n de estados contables anuales y presentaci\u00f3n de los impuestos correspondientes Tambi\u00e9n ofrecemos apoyo impositivo a aut\u00f3nomos y particulares de habla hispana, entre ellos: Asesoramiento y planificaci\u00f3n tributaria personalizada. Preparaci\u00f3n y presentaci\u00f3n de declaraciones juradas. Elaboraci\u00f3n del cuadro de ganancias y p\u00e9rdidas. C\u00e1lculo de impuestos a pagar sobre alquileres inmobiliarios, incluso en casos con ingresos sobre inmuebles en Espa\u00f1a o en Am\u00e9rica Latina Nos destacamos por brindar una atenci\u00f3n cercana y personalizada, as\u00ed como por mantener una comunicaci\u00f3n constante y proactiva con nuestros clientes. No dude en contactarnos para recibir el apoyo que necesita para su \u00e9xito en Alemania.Nos puede encontrar en el\u00a0 089 7167187-72 o via mail\u00a0 0049 1525 4168594 Hablamos espa\u00f1ol, aleman e ingles. Download Informaci\u00f3n al cliente sobre el cambio a las facturas electr\u00f3nicas (E-Rechnungen)\",\"breadcrumb\":{\"@id\":\"https:\/\/www.steuerberaterin-walter.de\/es\/startseite\/#breadcrumb\"},\"inLanguage\":\"es\",\"potentialAction\":[{\"@type\":\"ReadAction\",\"target\":[\"https:\/\/www.steuerberaterin-walter.de\/es\/startseite\/\"]}]},{\"@type\":\"BreadcrumbList\",\"@id\":\"https:\/\/www.steuerberaterin-walter.de\/es\/startseite\/#breadcrumb\",\"itemListElement\":[{\"@type\":\"ListItem\",\"position\":1,\"name\":\"Startseite\",\"item\":\"https:\/\/www.steuerberaterin-walter.de\/es\/startseite\/\"},{\"@type\":\"ListItem\",\"position\":2,\"name\":\"Startseite\"}]},{\"@type\":\"WebSite\",\"@id\":\"https:\/\/www.steuerberaterin-walter.de\/#website\",\"url\":\"https:\/\/www.steuerberaterin-walter.de\/\",\"name\":\"Steuerberaterin Claudia Walter\",\"description\":\"\",\"potentialAction\":[{\"@type\":\"SearchAction\",\"target\":{\"@type\":\"EntryPoint\",\"urlTemplate\":\"https:\/\/www.steuerberaterin-walter.de\/?s={search_term_string}\"},\"query-input\":{\"@type\":\"PropertyValueSpecification\",\"valueRequired\":true,\"valueName\":\"search_term_string\"}}],\"inLanguage\":\"es\"}]}<\/script>\n<!-- \/ Yoast SEO plugin. -->","yoast_head_json":{"title":"Asesor fiscal espa\u00f1ol y argentino Alemania M\u00fanich","description":"Asesor fiscal espa\u00f1ol y argentino Alemania M\u00fanich Nosotros, como su asesor\u00eda fiscal, tenemos como objetivo comprender sus necesidades y el contexto de su empresa. Nos especializamos en acompa\u00f1ar a medianas y peque\u00f1as empresas de habla hispana y alemana, con una comprensi\u00f3n profunda de las barreras culturales y ling\u00fc\u00edsticas, especialmente para empresas de Espa\u00f1a y Am\u00e9rica Latina que buscan integrarse en el mercado alem\u00e1n.  Nuestro equipo cuenta con una s\u00f3lida experiencia en temas fiscales espec\u00edficos de Alemania, brindando respaldo desde la fundaci\u00f3n y apertura de su empresa hasta la gesti\u00f3n de sus obligaciones impositivas a lo largo del tiempo. Adem\u00e1s, somos una de las pocas asesor\u00edas en Alemania con asesores biling\u00fces acreditados por la C\u00e1mara de Asesores Financieros Alemanes, complementados por un equipo de apoyo especializado en derecho y seguros, todos de habla hispana y con licencia para ejercer en el pa\u00eds.  En especial contamos con mucha experiencia en empresas constructoras espa\u00f1olas establecidas en Alemania.  Nuestras \u00e1reas de servicio incluyen:   Asesor\u00eda en la constituci\u00f3n y registro de empresas  Desarrollo de herramientas para la toma de decisiones estrat\u00e9gicas  Contabilidad de facturas y bancos, con presentaci\u00f3n de IVA mensual o trimestral  C\u00e1lculo y gesti\u00f3n de n\u00f3minas, cargas sociales, incluyendo Soka-Bau para el sector de la construcci\u00f3n y presentaci\u00f3n del A1  Preparaci\u00f3n de estados contables anuales y presentaci\u00f3n de los impuestos correspondientes  Tambi\u00e9n ofrecemos apoyo impositivo a aut\u00f3nomos y particulares de habla hispana, entre ellos:   Asesoramiento y planificaci\u00f3n tributaria personalizada.  Preparaci\u00f3n y presentaci\u00f3n de declaraciones juradas.  Elaboraci\u00f3n del cuadro de ganancias y p\u00e9rdidas.  C\u00e1lculo de impuestos a pagar sobre alquileres inmobiliarios, incluso en casos con ingresos sobre inmuebles en Espa\u00f1a o en Am\u00e9rica Latina  Nos destacamos por brindar una atenci\u00f3n cercana y personalizada, as\u00ed como por mantener una comunicaci\u00f3n constante y proactiva con nuestros clientes. No dude en contactarnos para recibir el apoyo que necesita para su \u00e9xito en Alemania.Nos puede encontrar en el\u00a0 089 7167187-72 o via mail\u00a0 0049 1525 4168594  Hablamos espa\u00f1ol, aleman e ingles.    Download Informaci\u00f3n al cliente sobre el cambio a las facturas electr\u00f3nicas (E-Rechnungen)","robots":{"index":"index","follow":"follow","max-snippet":"max-snippet:-1","max-image-preview":"max-image-preview:large","max-video-preview":"max-video-preview:-1"},"canonical":"https:\/\/www.steuerberaterin-walter.de\/es\/startseite\/","og_locale":"es_ES","og_type":"article","og_title":"Asesor fiscal espa\u00f1ol y argentino Alemania M\u00fanich","og_description":"Asesor fiscal espa\u00f1ol y argentino Alemania M\u00fanich Nosotros, como su asesor\u00eda fiscal, tenemos como objetivo comprender sus necesidades y el contexto de su empresa. Nos especializamos en acompa\u00f1ar a medianas y peque\u00f1as empresas de habla hispana y alemana, con una comprensi\u00f3n profunda de las barreras culturales y ling\u00fc\u00edsticas, especialmente para empresas de Espa\u00f1a y Am\u00e9rica Latina que buscan integrarse en el mercado alem\u00e1n.  Nuestro equipo cuenta con una s\u00f3lida experiencia en temas fiscales espec\u00edficos de Alemania, brindando respaldo desde la fundaci\u00f3n y apertura de su empresa hasta la gesti\u00f3n de sus obligaciones impositivas a lo largo del tiempo. Adem\u00e1s, somos una de las pocas asesor\u00edas en Alemania con asesores biling\u00fces acreditados por la C\u00e1mara de Asesores Financieros Alemanes, complementados por un equipo de apoyo especializado en derecho y seguros, todos de habla hispana y con licencia para ejercer en el pa\u00eds.  En especial contamos con mucha experiencia en empresas constructoras espa\u00f1olas establecidas en Alemania.  Nuestras \u00e1reas de servicio incluyen:   Asesor\u00eda en la constituci\u00f3n y registro de empresas  Desarrollo de herramientas para la toma de decisiones estrat\u00e9gicas  Contabilidad de facturas y bancos, con presentaci\u00f3n de IVA mensual o trimestral  C\u00e1lculo y gesti\u00f3n de n\u00f3minas, cargas sociales, incluyendo Soka-Bau para el sector de la construcci\u00f3n y presentaci\u00f3n del A1  Preparaci\u00f3n de estados contables anuales y presentaci\u00f3n de los impuestos correspondientes  Tambi\u00e9n ofrecemos apoyo impositivo a aut\u00f3nomos y particulares de habla hispana, entre ellos:   Asesoramiento y planificaci\u00f3n tributaria personalizada.  Preparaci\u00f3n y presentaci\u00f3n de declaraciones juradas.  Elaboraci\u00f3n del cuadro de ganancias y p\u00e9rdidas.  C\u00e1lculo de impuestos a pagar sobre alquileres inmobiliarios, incluso en casos con ingresos sobre inmuebles en Espa\u00f1a o en Am\u00e9rica Latina  Nos destacamos por brindar una atenci\u00f3n cercana y personalizada, as\u00ed como por mantener una comunicaci\u00f3n constante y proactiva con nuestros clientes. No dude en contactarnos para recibir el apoyo que necesita para su \u00e9xito en Alemania.Nos puede encontrar en el\u00a0 089 7167187-72 o via mail\u00a0 0049 1525 4168594  Hablamos espa\u00f1ol, aleman e ingles.    Download Informaci\u00f3n al cliente sobre el cambio a las facturas electr\u00f3nicas (E-Rechnungen)","og_url":"https:\/\/www.steuerberaterin-walter.de\/es\/startseite\/","og_site_name":"Steuerberaterin Claudia Walter","article_modified_time":"2024-11-18T08:32:57+00:00","twitter_card":"summary_large_image","twitter_misc":{"Tiempo de lectura":"3 minutos"},"schema":{"@context":"https:\/\/schema.org","@graph":[{"@type":"WebPage","@id":"https:\/\/www.steuerberaterin-walter.de\/es\/startseite\/","url":"https:\/\/www.steuerberaterin-walter.de\/es\/startseite\/","name":"Asesor fiscal espa\u00f1ol y argentino Alemania M\u00fanich","isPartOf":{"@id":"https:\/\/www.steuerberaterin-walter.de\/#website"},"datePublished":"2021-05-10T10:15:37+00:00","dateModified":"2024-11-18T08:32:57+00:00","description":"Asesor fiscal espa\u00f1ol y argentino Alemania M\u00fanich Nosotros, como su asesor\u00eda fiscal, tenemos como objetivo comprender sus necesidades y el contexto de su empresa. Nos especializamos en acompa\u00f1ar a medianas y peque\u00f1as empresas de habla hispana y alemana, con una comprensi\u00f3n profunda de las barreras culturales y ling\u00fc\u00edsticas, especialmente para empresas de Espa\u00f1a y Am\u00e9rica Latina que buscan integrarse en el mercado alem\u00e1n. Nuestro equipo cuenta con una s\u00f3lida experiencia en temas fiscales espec\u00edficos de Alemania, brindando respaldo desde la fundaci\u00f3n y apertura de su empresa hasta la gesti\u00f3n de sus obligaciones impositivas a lo largo del tiempo. Adem\u00e1s, somos una de las pocas asesor\u00edas en Alemania con asesores biling\u00fces acreditados por la C\u00e1mara de Asesores Financieros Alemanes, complementados por un equipo de apoyo especializado en derecho y seguros, todos de habla hispana y con licencia para ejercer en el pa\u00eds. En especial contamos con mucha experiencia en empresas constructoras espa\u00f1olas establecidas en Alemania. Nuestras \u00e1reas de servicio incluyen: Asesor\u00eda en la constituci\u00f3n y registro de empresas Desarrollo de herramientas para la toma de decisiones estrat\u00e9gicas Contabilidad de facturas y bancos, con presentaci\u00f3n de IVA mensual o trimestral C\u00e1lculo y gesti\u00f3n de n\u00f3minas, cargas sociales, incluyendo Soka-Bau para el sector de la construcci\u00f3n y presentaci\u00f3n del A1 Preparaci\u00f3n de estados contables anuales y presentaci\u00f3n de los impuestos correspondientes Tambi\u00e9n ofrecemos apoyo impositivo a aut\u00f3nomos y particulares de habla hispana, entre ellos: Asesoramiento y planificaci\u00f3n tributaria personalizada. Preparaci\u00f3n y presentaci\u00f3n de declaraciones juradas. Elaboraci\u00f3n del cuadro de ganancias y p\u00e9rdidas. C\u00e1lculo de impuestos a pagar sobre alquileres inmobiliarios, incluso en casos con ingresos sobre inmuebles en Espa\u00f1a o en Am\u00e9rica Latina Nos destacamos por brindar una atenci\u00f3n cercana y personalizada, as\u00ed como por mantener una comunicaci\u00f3n constante y proactiva con nuestros clientes. No dude en contactarnos para recibir el apoyo que necesita para su \u00e9xito en Alemania.Nos puede encontrar en el\u00a0 089 7167187-72 o via mail\u00a0 0049 1525 4168594 Hablamos espa\u00f1ol, aleman e ingles. Download Informaci\u00f3n al cliente sobre el cambio a las facturas electr\u00f3nicas (E-Rechnungen)","breadcrumb":{"@id":"https:\/\/www.steuerberaterin-walter.de\/es\/startseite\/#breadcrumb"},"inLanguage":"es","potentialAction":[{"@type":"ReadAction","target":["https:\/\/www.steuerberaterin-walter.de\/es\/startseite\/"]}]},{"@type":"BreadcrumbList","@id":"https:\/\/www.steuerberaterin-walter.de\/es\/startseite\/#breadcrumb","itemListElement":[{"@type":"ListItem","position":1,"name":"Startseite","item":"https:\/\/www.steuerberaterin-walter.de\/es\/startseite\/"},{"@type":"ListItem","position":2,"name":"Startseite"}]},{"@type":"WebSite","@id":"https:\/\/www.steuerberaterin-walter.de\/#website","url":"https:\/\/www.steuerberaterin-walter.de\/","name":"Steuerberaterin Claudia Walter","description":"","potentialAction":[{"@type":"SearchAction","target":{"@type":"EntryPoint","urlTemplate":"https:\/\/www.steuerberaterin-walter.de\/?s={search_term_string}"},"query-input":{"@type":"PropertyValueSpecification","valueRequired":true,"valueName":"search_term_string"}}],"inLanguage":"es"}]}},"_links":{"self":[{"href":"https:\/\/www.steuerberaterin-walter.de\/es\/wp-json\/wp\/v2\/pages\/2530\/"}],"collection":[{"href":"https:\/\/www.steuerberaterin-walter.de\/es\/wp-json\/wp\/v2\/pages\/"}],"about":[{"href":"https:\/\/www.steuerberaterin-walter.de\/es\/wp-json\/wp\/v2\/types\/page\/"}],"author":[{"embeddable":true,"href":"https:\/\/www.steuerberaterin-walter.de\/es\/wp-json\/wp\/v2\/users\/10\/"}],"replies":[{"embeddable":true,"href":"https:\/\/www.steuerberaterin-walter.de\/es\/wp-json\/wp\/v2\/comments\/?post=2530"}],"version-history":[{"count":0,"href":"https:\/\/www.steuerberaterin-walter.de\/es\/wp-json\/wp\/v2\/pages\/2530\/revisions\/"}],"wp:attachment":[{"href":"https:\/\/www.steuerberaterin-walter.de\/es\/wp-json\/wp\/v2\/media\/?parent=2530"}],"curies":[{"name":"wp","href":"https:\/\/api.w.org\/{rel}","templated":true}]}}